{"id":5823,"date":"2019-06-04T19:47:53","date_gmt":"2019-06-04T19:47:53","guid":{"rendered":"https:\/\/katus24.ee\/?post_type=product&#038;p=5823"},"modified":"2026-01-19T14:54:31","modified_gmt":"2026-01-19T14:54:31","slug":"liitekohtadeta-uhes-tukis-rennid-paigaldus","status":"publish","type":"product","link":"https:\/\/katus24.ee\/ru\/toode\/liitekohtadeta-uhes-tukis-rennid-paigaldus\/","title":{"rendered":"Liitekohtadeta, \u00fches t\u00fckis rennid + paigaldus"},"content":{"rendered":"<div class=\"wpb-content-wrapper\"><p>[vc_row][vc_column width=&#8221;1\/2&#8243;][vc_column_text]<\/p>\n<div class=\"page\" title=\"Page 2\">\n<div class=\"section\">\n<div class=\"layoutArea\">\n<div class=\"column\">\n<p>Tellides rennid meilt, v\u00f5id olla muretu nii lekete kui garantii osas<\/p>\n<p>Liitekohtadeta, \u00fches t\u00fckis rennid hoiavad \u00e4ra potentsiaalsete lekkekohtade tekke lekkekohad<\/p>\n<p>K\u00f5igile teostatud t\u00f6\u00f6dele 2-aastane garantii, materjalile 10-aastane garantii<\/p>\n<p>Paindlikud lahendused ja personaalne l\u00e4henemine igale objektile<\/p>\n<p><strong>100% rahulolu garantii \u2013 kui leiate t\u00f6\u00f6de teostamisel puudusi, siis lubame need viivitamatult k\u00f5rvaldada<\/strong><\/p>\n<\/div>\n<\/div>\n<\/div>\n<\/div>\n<p>[\/vc_column_text][vc_btn title=&#8221;K\u00dcSI SIIT TASUTA PAKKUMIST VIHMAVEERENNIDE PAIGALDUSELE&#8221; color=&#8221;primary&#8221; size=&#8221;lg&#8221; link=&#8221;url:http%3A%2F%2Fwww.vihmaveerennid.ee|||&#8221;][\/vc_column][vc_column width=&#8221;1\/2&#8243;][vc_single_image image=&#8221;14980&#8243; img_size=&#8221;full&#8221;][\/vc_column][\/vc_row]<\/p>\n<\/div>","protected":false},"excerpt":{"rendered":"<div class=\"page\" title=\"Page 3\">\n<div class=\"section\">\n<div class=\"layoutArea\">\n<div class=\"column\">\n<div class=\"page\" title=\"Page 4\">\n<div class=\"section\">\n<div class=\"layoutArea\">\n<div class=\"column\">\n<p><strong>Vihmaveerennid O\u00dc valmistab lekkevabad, liideteta vihmaveerennid spetsiaalse\u00a0valtsimisseadme abil otse objektil.<\/strong><\/p>\n<p>Pakume klientidele k\u00f5iki vihmaveerennidega seotud teenuseid:<\/p>\n<p>&#8211; Vihmaveerennide paigaldus<\/p>\n<p>&#8211; Rennide hooldus ja puhastamine<\/p>\n<p>&#8211; Sadevee drenaa\u017eis\u00fcsteemide ehitus<\/p>\n<p>Valmistame liideteta vihmaveerenne pikkusega kuni 50 meetrit. K\u00f5ik rennid toodetakse kliendi objektil spetsiaalse valtsimismasinaga kvaliteetsetest materjalidest. Liitevabu vihmavees\u00fcsteeme toodame nii \u00fcmarat kui kandilist profiili.<br \/>\nProfessionaalse meeskonna paigaldatud rennid toimivad kogu hoone kasutusaja v\u00e4ltel. T\u00f6id teostame \u00fcle Eesti.<\/p>\n<p>Hinnapakkumise koostame iga hoone kohta eraldi, peale objektiga tutvumist.<\/p>\n<p><img decoding=\"async\" class=\"alignnone size-full wp-image-14982 lazyload\" data-src=\"https:\/\/katus24.ee\/wp-content\/uploads\/2019\/06\/rennid-2.png\" alt=\"\" width=\"894\" height=\"155\" data-srcset=\"https:\/\/katus24.ee\/wp-content\/uploads\/2019\/06\/rennid-2.png 894w, https:\/\/katus24.ee\/wp-content\/uploads\/2019\/06\/rennid-2-150x26.png 150w, https:\/\/katus24.ee\/wp-content\/uploads\/2019\/06\/rennid-2-600x104.png 600w\" data-sizes=\"(max-width: 894px) 100vw, 894px\" src=\"data:image\/svg+xml;base64,PHN2ZyB3aWR0aD0iMSIgaGVpZ2h0PSIxIiB4bWxucz0iaHR0cDovL3d3dy53My5vcmcvMjAwMC9zdmciPjwvc3ZnPg==\" style=\"--smush-placeholder-width: 894px; --smush-placeholder-aspect-ratio: 894\/155;\" \/><\/p>\n<\/div>\n<\/div>\n<\/div>\n<\/div>\n<\/div>\n<\/div>\n<\/div>\n<\/div>\n","protected":false},"featured_media":14978,"comment_status":"closed","ping_status":"closed","template":"","meta":[],"product_brand":[],"product_cat":[57],"product_tag":[],"class_list":{"0":"post-5823","1":"product","2":"type-product","3":"status-publish","4":"has-post-thumbnail","6":"product_cat-vihmaveesusteemid","8":"first","9":"onbackorder","10":"taxable","11":"shipping-taxable","12":"product-type-simple"},"aioseo_notices":[],"_links":{"self":[{"href":"https:\/\/katus24.ee\/ru\/wp-json\/wp\/v2\/product\/5823","targetHints":{"allow":["GET"]}}],"collection":[{"href":"https:\/\/katus24.ee\/ru\/wp-json\/wp\/v2\/product"}],"about":[{"href":"https:\/\/katus24.ee\/ru\/wp-json\/wp\/v2\/types\/product"}],"replies":[{"embeddable":true,"href":"https:\/\/katus24.ee\/ru\/wp-json\/wp\/v2\/comments?post=5823"}],"wp:featuredmedia":[{"embeddable":true,"href":"https:\/\/katus24.ee\/ru\/wp-json\/wp\/v2\/media\/14978"}],"wp:attachment":[{"href":"https:\/\/katus24.ee\/ru\/wp-json\/wp\/v2\/media?parent=5823"}],"wp:term":[{"taxonomy":"product_brand","embeddable":true,"href":"https:\/\/katus24.ee\/ru\/wp-json\/wp\/v2\/product_brand?post=5823"},{"taxonomy":"product_cat","embeddable":true,"href":"https:\/\/katus24.ee\/ru\/wp-json\/wp\/v2\/product_cat?post=5823"},{"taxonomy":"product_tag","embeddable":true,"href":"https:\/\/katus24.ee\/ru\/wp-json\/wp\/v2\/product_tag?post=5823"}],"curies":[{"name":"wp","href":"https:\/\/api.w.org\/{rel}","templated":true}]}}